{"id":176,"date":"2024-12-23T18:03:50","date_gmt":"2024-12-23T18:03:50","guid":{"rendered":"https:\/\/srh-events.ro\/amiloidoza\/?page_id=176"},"modified":"2025-01-17T14:52:29","modified_gmt":"2025-01-17T14:52:29","slug":"cazare-2","status":"publish","type":"page","link":"https:\/\/srh-events.ro\/amiloidoza\/cazare-2\/","title":{"rendered":"Cazare"},"content":{"rendered":"<p>[et_pb_section fb_built=&#8221;1&#8243; disabled_on=&#8221;off|off|off&#8221; _builder_version=&#8221;4.27.4&#8243; _module_preset=&#8221;default&#8221; background_color=&#8221;#6679C7&#8243; background_enable_pattern_style=&#8221;on&#8221; background_pattern_style=&#8221;diagonal-stripes-2&#8243; background_pattern_color=&#8221;rgba(0,0,0,0.02)&#8221; top_divider_color=&#8221;#094d75&#8243; top_divider_height=&#8221;87px&#8221; top_divider_height_tablet=&#8221;114px&#8221; top_divider_height_phone=&#8221;50px&#8221; top_divider_height_last_edited=&#8221;on|phone&#8221; box_shadow_style=&#8221;preset6&#8243; global_colors_info=&#8221;{}&#8221;][et_pb_row _builder_version=&#8221;4.21.0&#8243; _module_preset=&#8221;default&#8221; global_colors_info=&#8221;{}&#8221;][et_pb_column type=&#8221;4_4&#8243; _builder_version=&#8221;4.21.0&#8243; _module_preset=&#8221;default&#8221; global_colors_info=&#8221;{}&#8221;][et_pb_text _builder_version=&#8221;4.27.4&#8243; _dynamic_attributes=&#8221;content&#8221; _module_preset=&#8221;default&#8221; text_font=&#8221;&#8211;et_global_heading_font||on||||||&#8221; text_text_color=&#8221;#FFFFFF&#8221; text_font_size=&#8221;30px&#8221; custom_margin=&#8221;||||false|false&#8221; custom_padding=&#8221;||||false|false&#8221; text_font_size_tablet=&#8221;28px&#8221; text_font_size_phone=&#8221;26px&#8221; text_font_size_last_edited=&#8221;on|desktop&#8221; text_orientation_tablet=&#8221;&#8221; text_orientation_phone=&#8221;center&#8221; text_orientation_last_edited=&#8221;on|phone&#8221; global_colors_info=&#8221;{}&#8221;]@ET-DC@eyJkeW5hbWljIjp0cnVlLCJjb250ZW50IjoicG9zdF90aXRsZSIsInNldHRpbmdzIjp7ImJlZm9yZSI6IiIsImFmdGVyIjoiIn19@[\/et_pb_text][\/et_pb_column][\/et_pb_row][\/et_pb_section][et_pb_section fb_built=&#8221;1&#8243; custom_padding_last_edited=&#8221;on|phone&#8221; _builder_version=&#8221;4.27.4&#8243; _module_preset=&#8221;default&#8221; background_enable_image=&#8221;off&#8221; custom_padding=&#8221;||||false|false&#8221; custom_padding_tablet=&#8221;0px||||false|false&#8221; custom_padding_phone=&#8221;0px||||false|false&#8221; global_colors_info=&#8221;{}&#8221;][et_pb_row column_structure=&#8221;1_4,3_4&#8243; disabled_on=&#8221;off|off|off&#8221; module_class=&#8221;reverse-columns-mobile&#8221; _builder_version=&#8221;4.27.4&#8243; _module_preset=&#8221;default&#8221; global_colors_info=&#8221;{}&#8221;][et_pb_column type=&#8221;1_4&#8243; _builder_version=&#8221;4.21.0&#8243; _module_preset=&#8221;default&#8221; global_colors_info=&#8221;{}&#8221;][et_pb_icon font_icon=&#8221;&#xf236;||fa||900&#8243; icon_color=&#8221;#8e7586&#8243; icon_width=&#8221;100px&#8221; icon_width_tablet=&#8221;75px&#8221; icon_width_phone=&#8221;75px&#8221; icon_width_last_edited=&#8221;on|phone&#8221; disabled_on=&#8221;on|on|off&#8221; _builder_version=&#8221;4.27.4&#8243; _module_preset=&#8221;default&#8221; global_colors_info=&#8221;{}&#8221;][\/et_pb_icon][\/et_pb_column][et_pb_column type=&#8221;3_4&#8243; _builder_version=&#8221;4.21.0&#8243; _module_preset=&#8221;default&#8221; global_colors_info=&#8221;{}&#8221;][et_pb_countdown_timer title=&#8221;Termenul limit\u0103 pentru rezervarea caz\u0103rii expir\u0103 pe 05 martie 2025. Au mai r\u0103mas:&#8221; date_time=&#8221;2025-03-05 23:59&#8243; _builder_version=&#8221;4.27.4&#8243; _module_preset=&#8221;default&#8221; header_font=&#8221;||on||||||&#8221; header_text_color=&#8221;#6679C7&#8243; header_font_size=&#8221;18px&#8221; header_line_height=&#8221;1.2em&#8221; numbers_text_color=&#8221;#8E7586&#8243; numbers_font_size=&#8221;40px&#8221; separator_text_color=&#8221;#8E7586&#8243; label_text_color=&#8221;#8E7586&#8243; background_enable_color=&#8221;off&#8221; use_background_color=&#8221;off&#8221; custom_padding=&#8221;25px|25px|25px|25px|true|true&#8221; header_font_size_tablet=&#8221;20px&#8221; header_font_size_phone=&#8221;17px&#8221; header_font_size_last_edited=&#8221;on|phone&#8221; numbers_font_size_tablet=&#8221;&#8221; numbers_font_size_phone=&#8221;24px&#8221; numbers_font_size_last_edited=&#8221;on|phone&#8221; label_font_size_tablet=&#8221;&#8221; label_font_size_phone=&#8221;9px&#8221; label_font_size_last_edited=&#8221;on|phone&#8221; border_color_all=&#8221;#0F5881&#8243; border_width_top=&#8221;2px&#8221; border_color_top=&#8221;#8E7586&#8243; box_shadow_style=&#8221;preset3&#8243; box_shadow_spread=&#8221;-12px&#8221; locked=&#8221;off&#8221; global_colors_info=&#8221;{}&#8221;][\/et_pb_countdown_timer][\/et_pb_column][\/et_pb_row][et_pb_row disabled_on=&#8221;off|off|off&#8221; _builder_version=&#8221;4.27.4&#8243; _module_preset=&#8221;default&#8221; global_colors_info=&#8221;{}&#8221;][et_pb_column type=&#8221;4_4&#8243; _builder_version=&#8221;4.27.4&#8243; _module_preset=&#8221;default&#8221; global_colors_info=&#8221;{}&#8221;][et_pb_text _builder_version=&#8221;4.27.4&#8243; _module_preset=&#8221;default&#8221; hover_enabled=&#8221;0&#8243; locked=&#8221;off&#8221; global_colors_info=&#8221;{}&#8221; sticky_enabled=&#8221;0&#8243;]<\/p>\n<p><!--<strong>METODE DE REZERVARE A CAZ\u0102RII<\/strong><span>\u00a0<\/span>(v\u0103 rug\u0103m s\u0103 folosi\u0163i una din cele dou\u0103 metode de rezervare)<\/p>\n\n\n\n\n<p>1. prin completarea sec\u0163iunii \u201c<a href=\"https:\/\/inscrieri.srh-events.ro\/srh-events\/event\/login\" target=\"_blank\" rel=\"noopener noreferrer\"><strong>Rezervare cazare hotel<\/strong><\/a>\u201d \u2013 forma de rezervare recomandat\u0103 (op\u0163iunea de rezervare este disponibil\u0103 doar dup\u0103 accesarea paginii personale pe baza numelui de utilizator \u015fi a parolei stabilite la \u00eenregistrarea online)<\/p>\n\n\n\n\n<p>2. prin<span>\u00a0<\/span><strong>e-mail<\/strong><span>\u00a0<\/span>pe adresa:<span>\u00a0<\/span><a href=\"mailto:contact@srh-events.ro\" target=\"_blank\" rel=\"noopener noreferrer\">contact@srh-events.ro*<\/a><\/p>\n\n\n\n\n<p>* \u00cen acest caz, v\u0103 rug\u0103m s\u0103 specifica\u0163i \u00een email perioada de cazare, hotelul \u015fi tipul camerei.--><\/p>\n<p style=\"text-align: justify;\">\u00cenainte de a efectua o rezervare, v\u0103 rug\u0103m s\u0103 verifica\u0163i disponibilitatea camerelor la num\u0103rul de telefon: <strong>0332\/40.88.05<\/strong> sau la adresa de email <strong><a href=\"mailto:contact@srh-events.ro\" target=\"_blank\" rel=\"noopener\">contact@srh-events.ro<\/a><\/strong>.<\/p>\n<p style=\"text-align: justify;\">Rezervarea caz\u0103rii se va face acces\u00e2nd butonul &#8220;<strong>Rezerv Cazare<\/strong>&#8221; de mai jos.<\/p>\n<p style=\"text-align: justify;\">Dup\u0103 completarea formularului, ve\u021bi primi un email de confirmare a rezerv\u0103rii \u0219i instruc\u021biuni pentru plata caz\u0103rii.<\/p>\n<p style=\"text-align: justify;\">Plata caz\u0103rii se va face \u00een contul<span>\u00a0<\/span><strong>Eventer.Net<\/strong>, nr. cont:<span>\u00a0<\/span><strong>RO34BACX0000001109460000<\/strong>, deschis la<span>\u00a0<\/span><strong>UniCredit Bank Ia\u015fi<\/strong>, cu men\u0163iunea \u201c<strong>Pentru Conferinta Na\u021bional\u0103 de Amiloidoz\u0103 2025 \u2013 Rezervare Cazare, Hotel \u2026<\/strong>\u201d. Codul fiscal al<span>\u00a0<\/span><strong>SC EVENTER.NET SRL<\/strong><span>\u00a0<\/span>este<span>\u00a0<\/span><strong>RO26964360<\/strong>.<em><\/em><strong><\/strong><\/p>\n<p style=\"text-align: justify;\"><strong>CONFIRMAREA REZERV\u0102RII<\/strong><br \/>Rezervarea la hotel nu este valabil\u0103 f\u0103r\u0103 confirmarea din partea organizatorilor \u0219i f\u0103r\u0103\u00a0 dovada pl\u0103\u0163ii pentru \u00eentreaga perioad\u0103 de cazare rezervat\u0103. Rezervarea ne\u00eenso\u0163it\u0103 de plat\u0103 este considerat\u0103 nul\u0103.<\/p>\n<p style=\"text-align: justify;\"><strong><span style=\"color: #ff0000;\">ANUL\u0102RI<\/span><\/strong><br \/><strong>Anul\u0103rile sunt acceptate doar prin e-mail sau notificare scris\u0103 pe adresa operatorului evenimentului. P\u00e2n\u0103 la data de 05.03.2025 (inclusiv) se va rambursa 95% din suma achitat\u0103, nimic ulterior.<\/strong><\/p>\n<p>[\/et_pb_text][\/et_pb_column][\/et_pb_row][et_pb_row column_structure=&#8221;3_5,2_5&#8243; use_custom_gutter=&#8221;on&#8221; gutter_width=&#8221;2&#8243; disabled_on=&#8221;off|off|off&#8221; _builder_version=&#8221;4.27.4&#8243; width=&#8221;100%&#8221; custom_padding=&#8221;||57px|||&#8221; locked=&#8221;off&#8221; global_colors_info=&#8221;{}&#8221;][et_pb_column type=&#8221;3_5&#8243; _builder_version=&#8221;4.16&#8243; custom_padding=&#8221;|||&#8221; global_colors_info=&#8221;{}&#8221; custom_padding__hover=&#8221;|||&#8221;][et_pb_image src=&#8221;https:\/\/srh-events.ro\/amiloidoza\/wp-content\/uploads\/2025\/01\/Hotel-Crown-Plaza.jpg&#8221; title_text=&#8221;Hotel Crown Plaza&#8221; _builder_version=&#8221;4.27.4&#8243; _module_preset=&#8221;default&#8221; global_colors_info=&#8221;{}&#8221;][\/et_pb_image][\/et_pb_column][et_pb_column type=&#8221;2_5&#8243; _builder_version=&#8221;4.21.0&#8243; _module_preset=&#8221;default&#8221; global_colors_info=&#8221;{}&#8221;][et_pb_text _builder_version=&#8221;4.27.4&#8243; background_color=&#8221;#fcfcfc&#8221; custom_margin=&#8221;||||false|false&#8221; custom_padding=&#8221;50px|50px|50px|50px|true|true&#8221; hover_enabled=&#8221;0&#8243; box_shadow_style=&#8221;preset3&#8243; global_colors_info=&#8221;{}&#8221; sticky_enabled=&#8221;0&#8243; box_shadow_spread=&#8221;-16px&#8221;]<\/p>\n<h2><strong>Crowne Plaza 4* <\/strong><\/h2>\n<p><span style=\"color: #ff0000;\"><\/span><\/p>\n<p><span style=\"color: #ff0000;\">La Crowne Plaza Bucure\u0219ti sejurul minim acceptat este de 2 nop\u021bi!<\/span><br \/><em>Adresa: Bdul. Poligrafiei 1, Bucure\u0219ti, 013704<\/em><\/p>\n<p>Camer\u0103 single \u2013 <strong>900 lei<\/strong>\/camera\/noapte<br \/>Camer\u0103 dubl\u0103 \u2013 <strong>1000 lei<\/strong>\/camera\/noapte<br \/>Tarifele includ taxa local\u0103, mic dejun \u015fi TVA.<\/p>\n<p>[\/et_pb_text][et_pb_button button_url=&#8221;https:\/\/srh-events.ro\/amiloidoza\/inregistrare-contul-meu&#8221; url_new_window=&#8221;on&#8221; button_text=&#8221;Rezerv cazare&#8221; button_alignment=&#8221;center&#8221; _builder_version=&#8221;4.27.4&#8243; custom_button=&#8221;on&#8221; button_text_color=&#8221;#FFFFFF&#8221; button_bg_color=&#8221;#6679C7&#8243; button_border_width=&#8221;1px&#8221; custom_margin=&#8221;25px||||false|false&#8221; hover_enabled=&#8221;0&#8243; global_colors_info=&#8221;{}&#8221; button_bg_color__hover_enabled=&#8221;on|hover&#8221; button_bg_color__hover=&#8221;#8E7586&#8243; button_bg_enable_color__hover=&#8221;on&#8221; custom_padding=&#8221;||||false|false&#8221; sticky_enabled=&#8221;0&#8243;][\/et_pb_button][\/et_pb_column][\/et_pb_row][et_pb_row disabled_on=&#8221;on|on|on&#8221; _builder_version=&#8221;4.27.4&#8243; _module_preset=&#8221;default&#8221; disabled=&#8221;on&#8221; global_colors_info=&#8221;{}&#8221;][et_pb_column type=&#8221;4_4&#8243; _builder_version=&#8221;4.27.4&#8243; _module_preset=&#8221;default&#8221; global_colors_info=&#8221;{}&#8221;][et_pb_text _builder_version=&#8221;4.27.4&#8243; _module_preset=&#8221;default&#8221; global_colors_info=&#8221;{}&#8221;]<\/p>\n<p>Op\u021biunile de cazare vor fi disponibile \u00een cur\u00e2nd. V\u0103 mul\u021bumim!<\/p>\n<p>[\/et_pb_text][\/et_pb_column][\/et_pb_row][\/et_pb_section]<\/p>\n","protected":false},"excerpt":{"rendered":"<p>\u00cenainte de a efectua o rezervare, v\u0103 rug\u0103m s\u0103 verifica\u0163i disponibilitatea camerelor la num\u0103rul de telefon: 0332\/40.88.05 sau la adresa de email contact@srh-events.ro. Rezervarea caz\u0103rii se va face acces\u00e2nd butonul &#8220;Rezerv Cazare&#8221; de mai jos. Dup\u0103 completarea formularului, ve\u021bi primi un email de confirmare a rezerv\u0103rii \u0219i instruc\u021biuni pentru plata caz\u0103rii. Plata caz\u0103rii se va [&hellip;]<\/p>\n","protected":false},"author":1,"featured_media":0,"parent":0,"menu_order":0,"comment_status":"closed","ping_status":"closed","template":"","meta":{"_et_pb_use_builder":"on","_et_pb_old_content":"","_et_gb_content_width":"","footnotes":""},"class_list":["post-176","page","type-page","status-publish","hentry"],"_links":{"self":[{"href":"https:\/\/srh-events.ro\/amiloidoza\/wp-json\/wp\/v2\/pages\/176","targetHints":{"allow":["GET"]}}],"collection":[{"href":"https:\/\/srh-events.ro\/amiloidoza\/wp-json\/wp\/v2\/pages"}],"about":[{"href":"https:\/\/srh-events.ro\/amiloidoza\/wp-json\/wp\/v2\/types\/page"}],"author":[{"embeddable":true,"href":"https:\/\/srh-events.ro\/amiloidoza\/wp-json\/wp\/v2\/users\/1"}],"replies":[{"embeddable":true,"href":"https:\/\/srh-events.ro\/amiloidoza\/wp-json\/wp\/v2\/comments?post=176"}],"version-history":[{"count":11,"href":"https:\/\/srh-events.ro\/amiloidoza\/wp-json\/wp\/v2\/pages\/176\/revisions"}],"predecessor-version":[{"id":251,"href":"https:\/\/srh-events.ro\/amiloidoza\/wp-json\/wp\/v2\/pages\/176\/revisions\/251"}],"wp:attachment":[{"href":"https:\/\/srh-events.ro\/amiloidoza\/wp-json\/wp\/v2\/media?parent=176"}],"curies":[{"name":"wp","href":"https:\/\/api.w.org\/{rel}","templated":true}]}}