{"id":170,"date":"2024-12-23T18:00:15","date_gmt":"2024-12-23T18:00:15","guid":{"rendered":"https:\/\/srh-events.ro\/amiloidoza\/?page_id=170"},"modified":"2024-12-23T18:02:21","modified_gmt":"2024-12-23T18:02:21","slug":"instructiuni-de-redactare","status":"publish","type":"page","link":"https:\/\/srh-events.ro\/amiloidoza\/instructiuni-de-redactare\/","title":{"rendered":"Instruc\u021biuni de redactare"},"content":{"rendered":"<p>[et_pb_section fb_built=&#8221;1&#8243; disabled_on=&#8221;off|off|off&#8221; _builder_version=&#8221;4.27.4&#8243; _module_preset=&#8221;default&#8221; background_color=&#8221;#6679C7&#8243; background_enable_pattern_style=&#8221;on&#8221; background_pattern_style=&#8221;diagonal-stripes-2&#8243; background_pattern_color=&#8221;rgba(0,0,0,0.02)&#8221; top_divider_color=&#8221;#094d75&#8243; top_divider_height=&#8221;87px&#8221; top_divider_height_tablet=&#8221;114px&#8221; top_divider_height_phone=&#8221;50px&#8221; top_divider_height_last_edited=&#8221;on|phone&#8221; box_shadow_style=&#8221;preset6&#8243; global_colors_info=&#8221;{}&#8221;][et_pb_row _builder_version=&#8221;4.21.0&#8243; _module_preset=&#8221;default&#8221; global_colors_info=&#8221;{}&#8221;][et_pb_column type=&#8221;4_4&#8243; _builder_version=&#8221;4.21.0&#8243; _module_preset=&#8221;default&#8221; global_colors_info=&#8221;{}&#8221;][et_pb_text _builder_version=&#8221;4.27.4&#8243; _dynamic_attributes=&#8221;content&#8221; _module_preset=&#8221;default&#8221; text_font=&#8221;&#8211;et_global_heading_font||on||||||&#8221; text_text_color=&#8221;#FFFFFF&#8221; text_font_size=&#8221;30px&#8221; custom_margin=&#8221;||||false|false&#8221; custom_padding=&#8221;||||false|false&#8221; text_font_size_tablet=&#8221;28px&#8221; text_font_size_phone=&#8221;26px&#8221; text_font_size_last_edited=&#8221;on|desktop&#8221; text_orientation_tablet=&#8221;&#8221; text_orientation_phone=&#8221;center&#8221; text_orientation_last_edited=&#8221;on|phone&#8221; global_colors_info=&#8221;{}&#8221;]@ET-DC@eyJkeW5hbWljIjp0cnVlLCJjb250ZW50IjoicG9zdF90aXRsZSIsInNldHRpbmdzIjp7ImJlZm9yZSI6IiIsImFmdGVyIjoiIn19@[\/et_pb_text][\/et_pb_column][\/et_pb_row][\/et_pb_section][et_pb_section fb_built=&#8221;1&#8243; custom_padding_last_edited=&#8221;on|phone&#8221; _builder_version=&#8221;4.27.4&#8243; _module_preset=&#8221;default&#8221; background_enable_image=&#8221;off&#8221; custom_padding=&#8221;||||false|false&#8221; custom_padding_tablet=&#8221;0px||||false|false&#8221; custom_padding_phone=&#8221;0px||||false|false&#8221; global_colors_info=&#8221;{}&#8221;][et_pb_row column_structure=&#8221;1_4,3_4&#8243; module_class=&#8221;reverse-columns-mobile&#8221; _builder_version=&#8221;4.21.0&#8243; _module_preset=&#8221;default&#8221; global_colors_info=&#8221;{}&#8221;][et_pb_column type=&#8221;1_4&#8243; _builder_version=&#8221;4.21.0&#8243; _module_preset=&#8221;default&#8221; global_colors_info=&#8221;{}&#8221;][et_pb_icon font_icon=&#8221;&#xf035;||fa||900&#8243; icon_color=&#8221;#8e7586&#8243; icon_width=&#8221;100px&#8221; icon_width_tablet=&#8221;75px&#8221; icon_width_phone=&#8221;75px&#8221; icon_width_last_edited=&#8221;on|phone&#8221; disabled_on=&#8221;on|on|off&#8221; _builder_version=&#8221;4.27.4&#8243; _module_preset=&#8221;default&#8221; hover_enabled=&#8221;0&#8243; global_colors_info=&#8221;{}&#8221; sticky_enabled=&#8221;0&#8243;][\/et_pb_icon][\/et_pb_column][et_pb_column type=&#8221;3_4&#8243; _builder_version=&#8221;4.21.0&#8243; _module_preset=&#8221;default&#8221; global_colors_info=&#8221;{}&#8221;][et_pb_text _builder_version=&#8221;4.27.4&#8243; _module_preset=&#8221;default&#8221; hover_enabled=&#8221;0&#8243; global_colors_info=&#8221;{}&#8221; locked=&#8221;off&#8221; sticky_enabled=&#8221;0&#8243;]<\/p>\n<h3 style=\"text-align: justify;\">Instruc\u021biuni pentru redactarea rezumatelor<\/h3>\n<p style=\"text-align: justify;\">V\u0103 rug\u0103m s\u0103 respecta\u0163i urm\u0103toarele cerin\u0163e de redactare:<\/p>\n<ul style=\"text-align: justify;\">\n<li>rezumatul nu poate con\u0163ine mai mult de 250 cuvinte;<\/li>\n<li>rezumatul va fi trimis \u00een limba rom\u00e2n\u0103 \u015fi englez\u0103;<\/li>\n<li>tot textul se scrie f\u0103r\u0103 aliniat de paragraf sau alte indent\u0103ri;<\/li>\n<li>rezumatul nu va fi formatat.<\/li>\n<\/ul>\n<p style=\"text-align: justify;\"><strong><\/strong><\/p>\n<h4 style=\"text-align: justify;\"><em>Rezumatul trebuie s\u0103 cuprind\u0103:<\/em><\/h4>\n<ul style=\"text-align: justify;\">\n<li>titlul, scris cu majuscule urmat de un r\u00e2nd gol; titlul (inclusiv spa\u0163iile) nu poate fi mai lung de 200 de caractere;<\/li>\n<li>numele autorilor, scrise pe un r\u00e2nd, respect\u00e2nd ordinea: ini\u0163iale prenume (\u00een cazul b\u0103rba\u0163ilor) sau prenume (\u00een cazul femeilor) urmate de nume (nu folosi\u0163i titluri profesionale\/academice); numele autorului ce va prezenta lucrarea trebuie subliniat; dup\u0103 lista autorilor se va lasa un r\u00e2nd liber;<\/li>\n<li>afilierea (sec\u0163ie, institu\u0163ie, ora\u015f, \u0163ar\u0103), at\u00e2t a primului autor, c\u00e2t \u015fi a coautorilor. Se scrie totul pe un r\u00e2nd, urmat de un nou r\u00e2nd liber. Prima liter\u0103 a fiec\u0103rui cuv\u00e2nt trebuie scris\u0103 cu majuscul\u0103;<\/li>\n<li>textul propriu-zis, care va respecta structura cunoscut\u0103: scop, material \u015fi metod\u0103, rezultate, concluzii (se vor evita formul\u0103rile de gen \u201crezultatele vor fi prezentate\u201d); textul trebuie s\u0103 con\u0163in\u0103 suficiente detalii pentru a putea justifica concluzia.<\/li>\n<\/ul>\n<p style=\"text-align: justify;\"><em>V\u0103 rug\u0103m nu folosi\u0163i grafice \u015fi tabele \u00een rezumat!<\/em><br \/><em>Toate abrevierile vor fi explicate la prima utilizare \u00een text!<\/em><\/p>\n<p style=\"text-align: justify;\"><strong>Rezumatele \u00een limba rom\u00e2n\u0103 \u015fi englez\u0103 trebuie \u00eenscrise separat, ca dou\u0103 rezumate distincte.<\/strong><\/p>\n<p>[\/et_pb_text][\/et_pb_column][\/et_pb_row][\/et_pb_section]<\/p>\n","protected":false},"excerpt":{"rendered":"<p>Instruc\u021biuni pentru redactarea rezumatelor V\u0103 rug\u0103m s\u0103 respecta\u0163i urm\u0103toarele cerin\u0163e de redactare: rezumatul nu poate con\u0163ine mai mult de 250 cuvinte; rezumatul va fi trimis \u00een limba rom\u00e2n\u0103 \u015fi englez\u0103; tot textul se scrie f\u0103r\u0103 aliniat de paragraf sau alte indent\u0103ri; rezumatul nu va fi formatat. Rezumatul trebuie s\u0103 cuprind\u0103: titlul, scris cu majuscule urmat [&hellip;]<\/p>\n","protected":false},"author":1,"featured_media":0,"parent":0,"menu_order":0,"comment_status":"closed","ping_status":"closed","template":"","meta":{"_et_pb_use_builder":"on","_et_pb_old_content":"","_et_gb_content_width":"","footnotes":""},"class_list":["post-170","page","type-page","status-publish","hentry"],"_links":{"self":[{"href":"https:\/\/srh-events.ro\/amiloidoza\/wp-json\/wp\/v2\/pages\/170","targetHints":{"allow":["GET"]}}],"collection":[{"href":"https:\/\/srh-events.ro\/amiloidoza\/wp-json\/wp\/v2\/pages"}],"about":[{"href":"https:\/\/srh-events.ro\/amiloidoza\/wp-json\/wp\/v2\/types\/page"}],"author":[{"embeddable":true,"href":"https:\/\/srh-events.ro\/amiloidoza\/wp-json\/wp\/v2\/users\/1"}],"replies":[{"embeddable":true,"href":"https:\/\/srh-events.ro\/amiloidoza\/wp-json\/wp\/v2\/comments?post=170"}],"version-history":[{"count":3,"href":"https:\/\/srh-events.ro\/amiloidoza\/wp-json\/wp\/v2\/pages\/170\/revisions"}],"predecessor-version":[{"id":175,"href":"https:\/\/srh-events.ro\/amiloidoza\/wp-json\/wp\/v2\/pages\/170\/revisions\/175"}],"wp:attachment":[{"href":"https:\/\/srh-events.ro\/amiloidoza\/wp-json\/wp\/v2\/media?parent=170"}],"curies":[{"name":"wp","href":"https:\/\/api.w.org\/{rel}","templated":true}]}}