{"id":163,"date":"2024-12-23T17:56:30","date_gmt":"2024-12-23T17:56:30","guid":{"rendered":"https:\/\/srh-events.ro\/amiloidoza\/?page_id=163"},"modified":"2025-04-23T18:00:50","modified_gmt":"2025-04-23T16:00:50","slug":"cum-trimit-un-rezumat","status":"publish","type":"page","link":"https:\/\/srh-events.ro\/amiloidoza\/cum-trimit-un-rezumat\/","title":{"rendered":"Cum trimit un rezumat?"},"content":{"rendered":"<p>[et_pb_section fb_built=&#8221;1&#8243; disabled_on=&#8221;off|off|off&#8221; _builder_version=&#8221;4.27.4&#8243; _module_preset=&#8221;default&#8221; background_color=&#8221;#6679C7&#8243; background_enable_pattern_style=&#8221;on&#8221; background_pattern_style=&#8221;diagonal-stripes-2&#8243; background_pattern_color=&#8221;rgba(0,0,0,0.02)&#8221; top_divider_color=&#8221;#094d75&#8243; top_divider_height=&#8221;87px&#8221; top_divider_height_tablet=&#8221;114px&#8221; top_divider_height_phone=&#8221;50px&#8221; top_divider_height_last_edited=&#8221;on|phone&#8221; box_shadow_style=&#8221;preset6&#8243; global_colors_info=&#8221;{}&#8221;][et_pb_row _builder_version=&#8221;4.21.0&#8243; _module_preset=&#8221;default&#8221; global_colors_info=&#8221;{}&#8221;][et_pb_column type=&#8221;4_4&#8243; _builder_version=&#8221;4.21.0&#8243; _module_preset=&#8221;default&#8221; global_colors_info=&#8221;{}&#8221;][et_pb_text _builder_version=&#8221;4.27.4&#8243; _dynamic_attributes=&#8221;content&#8221; _module_preset=&#8221;default&#8221; text_font=&#8221;&#8211;et_global_heading_font||on||||||&#8221; text_text_color=&#8221;#FFFFFF&#8221; text_font_size=&#8221;30px&#8221; custom_margin=&#8221;||||false|false&#8221; custom_padding=&#8221;||||false|false&#8221; text_font_size_tablet=&#8221;28px&#8221; text_font_size_phone=&#8221;26px&#8221; text_font_size_last_edited=&#8221;on|desktop&#8221; text_orientation_tablet=&#8221;&#8221; text_orientation_phone=&#8221;center&#8221; text_orientation_last_edited=&#8221;on|phone&#8221; global_colors_info=&#8221;{}&#8221;]@ET-DC@eyJkeW5hbWljIjp0cnVlLCJjb250ZW50IjoicG9zdF90aXRsZSIsInNldHRpbmdzIjp7ImJlZm9yZSI6IiIsImFmdGVyIjoiIn19@[\/et_pb_text][\/et_pb_column][\/et_pb_row][\/et_pb_section][et_pb_section fb_built=&#8221;1&#8243; custom_padding_last_edited=&#8221;on|phone&#8221; _builder_version=&#8221;4.27.4&#8243; _module_preset=&#8221;default&#8221; background_enable_image=&#8221;off&#8221; custom_padding=&#8221;||||false|false&#8221; custom_padding_tablet=&#8221;0px||||false|false&#8221; custom_padding_phone=&#8221;0px||||false|false&#8221; global_colors_info=&#8221;{}&#8221;][et_pb_row column_structure=&#8221;1_4,3_4&#8243; module_class=&#8221;reverse-columns-mobile&#8221; _builder_version=&#8221;4.21.0&#8243; _module_preset=&#8221;default&#8221; global_colors_info=&#8221;{}&#8221;][et_pb_column type=&#8221;1_4&#8243; _builder_version=&#8221;4.21.0&#8243; _module_preset=&#8221;default&#8221; global_colors_info=&#8221;{}&#8221;][et_pb_icon font_icon=&#8221;&#xf56f;||fa||900&#8243; icon_color=&#8221;#8e7586&#8243; icon_width=&#8221;100px&#8221; icon_width_tablet=&#8221;75px&#8221; icon_width_phone=&#8221;75px&#8221; icon_width_last_edited=&#8221;on|phone&#8221; disabled_on=&#8221;on|on|off&#8221; _builder_version=&#8221;4.27.4&#8243; _module_preset=&#8221;default&#8221; global_colors_info=&#8221;{}&#8221;][\/et_pb_icon][\/et_pb_column][et_pb_column type=&#8221;3_4&#8243; _builder_version=&#8221;4.21.0&#8243; _module_preset=&#8221;default&#8221; global_colors_info=&#8221;{}&#8221;][et_pb_countdown_timer title=&#8221;Termenul limit\u0103 pentru trimiterea rezumatelor expir\u0103 pe 25 martie 2025. Au mai r\u0103mas:&#8221; date_time=&#8221;2025-03-25 23:59&#8243; _builder_version=&#8221;4.27.4&#8243; _module_preset=&#8221;default&#8221; header_font=&#8221;||on||||||&#8221; header_text_color=&#8221;#6679C7&#8243; header_font_size=&#8221;18px&#8221; header_line_height=&#8221;1.2em&#8221; numbers_text_color=&#8221;#8E7586&#8243; numbers_font_size=&#8221;40px&#8221; separator_text_color=&#8221;#8E7586&#8243; label_text_color=&#8221;#8E7586&#8243; background_enable_color=&#8221;off&#8221; use_background_color=&#8221;off&#8221; custom_padding=&#8221;25px|25px|25px|25px|true|true&#8221; header_font_size_tablet=&#8221;20px&#8221; header_font_size_phone=&#8221;17px&#8221; header_font_size_last_edited=&#8221;on|phone&#8221; numbers_font_size_tablet=&#8221;&#8221; numbers_font_size_phone=&#8221;24px&#8221; numbers_font_size_last_edited=&#8221;on|phone&#8221; label_font_size_tablet=&#8221;&#8221; label_font_size_phone=&#8221;9px&#8221; label_font_size_last_edited=&#8221;on|phone&#8221; border_color_all=&#8221;#0F5881&#8243; border_width_top=&#8221;2px&#8221; border_color_top=&#8221;#8E7586&#8243; box_shadow_style=&#8221;preset3&#8243; box_shadow_spread=&#8221;-12px&#8221; locked=&#8221;off&#8221; global_colors_info=&#8221;{}&#8221;][\/et_pb_countdown_timer][\/et_pb_column][\/et_pb_row][et_pb_row _builder_version=&#8221;4.27.4&#8243; _module_preset=&#8221;default&#8221; global_colors_info=&#8221;{}&#8221;][et_pb_column type=&#8221;4_4&#8243; _builder_version=&#8221;4.27.4&#8243; _module_preset=&#8221;default&#8221; global_colors_info=&#8221;{}&#8221;][et_pb_blurb title=&#8221;Prezent\u0103ri orale&#8221; use_icon=&#8221;on&#8221; font_icon=&#8221;&#xe0f0;||divi||400&#8243; icon_color=&#8221;#6679C7&#8243; icon_placement=&#8221;left&#8221; image_icon_width=&#8221;85px&#8221; _builder_version=&#8221;4.27.4&#8243; _module_preset=&#8221;default&#8221; header_font=&#8221;&#8211;et_global_heading_font|700|||||||&#8221; header_text_color=&#8221;#404F82&#8243; header_font_size=&#8221;24px&#8221; background_color=&#8221;#FFFFFF&#8221; custom_padding=&#8221;50px|50px|50px|50px|true|true&#8221; link_option_url=&#8221;https:\/\/srh-events.ro\/amiloidoza\/wp-content\/uploads\/2025\/04\/AMI2025_template_prezentare_16-9.pptx&#8221; border_radii=&#8221;on|20px|20px|20px|20px&#8221; border_width_all=&#8221;1px&#8221; border_color_all=&#8221;#404F82&#8243; global_colors_info=&#8221;{}&#8221; transform_styles__hover_enabled=&#8221;on|hover&#8221; transform_scale__hover_enabled=&#8221;on|hover&#8221; transform_translate__hover_enabled=&#8221;on|desktop&#8221; transform_rotate__hover_enabled=&#8221;on|desktop&#8221; transform_skew__hover_enabled=&#8221;on|desktop&#8221; transform_origin__hover_enabled=&#8221;on|desktop&#8221; transform_scale__hover=&#8221;105%|105%&#8221; icon_color__hover_enabled=&#8221;on|desktop&#8221; icon_color__hover=&#8221;#FFFFFF&#8221; header_text_color__hover_enabled=&#8221;on|hover&#8221; header_text_color__hover=&#8221;#FFFFFF&#8221; body_text_color__hover_enabled=&#8221;on|hover&#8221; body_text_color__hover=&#8221;#FFFFFF&#8221; background__hover_enabled=&#8221;on|hover&#8221; background_color__hover=&#8221;#6679C7&#8243; background_enable_color__hover=&#8221;on&#8221;]<\/p>\n<p><em>Clic aici pentru modelul de PPT recomandat pentru realizarea prezent\u0103rilor orale.<\/em><\/p>\n<p>[\/et_pb_blurb][\/et_pb_column][\/et_pb_row][et_pb_row _builder_version=&#8221;4.27.4&#8243; _module_preset=&#8221;default&#8221; global_colors_info=&#8221;{}&#8221;][et_pb_column type=&#8221;4_4&#8243; _builder_version=&#8221;4.27.4&#8243; _module_preset=&#8221;default&#8221; global_colors_info=&#8221;{}&#8221;][et_pb_text _builder_version=&#8221;4.27.4&#8243; _module_preset=&#8221;default&#8221; locked=&#8221;off&#8221; global_colors_info=&#8221;{}&#8221;]<\/p>\n<p style=\"text-align: justify;\">Rezumatele, redactate conform instruc\u0163iunilor din pagina<span>\u00a0<\/span><a href=\"https:\/\/srh-events.ro\/amiloidoza\/instructiuni-de-redactare\" rel=\"noopener noreferrer\" target=\"_blank\"><strong>Instruc\u0163iuni de redactare<\/strong><\/a>, se trimit folosind una dintre urm\u0103toarele variante:<\/p>\n<p style=\"text-align: justify;\">\u25ba acces\u00e2nd sec\u0163iunea<span> <\/span><a href=\"https:\/\/srh-events.ro\/amiloidoza\/inregistrare-contul-meu\" target=\"_blank\" rel=\"noopener noreferrer\"><strong>Rezumat<\/strong><\/a><span>\u00a0<\/span>(pentru a putea trimite rezumate trebuie s\u0103 ave\u0163i cont pe site: accesa\u0163i sec\u0163iunea<span>\u00a0<\/span><a href=\"https:\/\/srh-events.ro\/amiloidoza\/inregistrare-contul-meu\" target=\"_blank\" rel=\"noopener noreferrer\"><strong>\u00cenregistrare Online<\/strong><\/a><span>\u00a0<\/span>\u015fi completa\u0163i c\u00e2mpurile formularului de \u00eenscriere)<br \/>\n\u25ba prin e-mail, ca fi\u015fier atasat, pe adresa operatorului:<span>\u00a0<\/span><strong><a href=\"mailto:contact@srh-events.ro\" target=\"_blank\" rel=\"noopener noreferrer\">contact@srh-events.ro<\/a><\/strong><\/p>\n<h4 style=\"text-align: justify;\">ATEN\u021aIE!<\/h4>\n<p style=\"text-align: justify;\">Nu pute\u0163i trimite rezumate \u00eenainte de a v\u0103 \u00eenscrie!<\/p>\n<p style=\"text-align: justify;\">Se accept\u0103 ca prezent\u0103ri orale doar lucr\u0103ri originale, studii clinice sau serii de cazuri relevante pentru subiectul ales. Prezentarea de caz va fi alocat\u0103 automat ca prezentare e-poster.<\/p>\n<p style=\"text-align: justify;\">Se accept\u0103 doar lucr\u0103ri nepublicate,\u00a0autorii \u00ee\u015fi asum\u0103 integral r\u0103spunderea asupra con\u0163inutului.<\/p>\n<h3 style=\"text-align: justify;\"><\/h3>\n<h3 style=\"text-align: justify;\">Confirm\u0103ri<\/h3>\n<p style=\"text-align: justify;\">Comitetul \u015ftiin\u0163ific \u00ee\u015fi rezerv\u0103 dreptul de a accepta sau respinge lucr\u0103rile propuse \u015fi de a selecta lucr\u0103rile \u00een vederea prezent\u0103rii orale sau e-poster.<\/p>\n<p><!--\n\n\n<p style=\"text-align: justify;\">Modalitatea de prezentare a rezumatelor va fi comunicat\u0103 autorilor de c\u0103tre Comitetul \u015etiin\u0163ific prin e-mail dup\u0103 data de 10 septembrie 2024.<\/p>\n\n\n\n\n<p style=\"text-align: justify;\"><strong><\/strong><\/p>\n\n\n\n\n\n<h3 style=\"text-align: justify;\">Condi\u021bii de prezentare<\/h3>\n\n\n\n\n<p style=\"text-align: justify;\">Forma de prezentare a lucr\u0103rilor:<span>\u00a0<\/span><strong>oral<\/strong><span>\u00a0<\/span>sau<span>\u00a0<\/span><strong>e-poster<\/strong>.<\/p>\n\n\n<strong>Click<span>\u00a0<\/span><a href=\"https:\/\/srh-events.ro\/wp-content\/uploads\/2023\/06\/e_poster.pptx\" _blank=\"\" rel=\"noopener noreferrer\" target=\"_blank\">aici<\/a><span>\u00a0<\/span>pentru modelul recomandat de e-poster.<\/strong>\n\n<strong>Click<span>\u00a0<\/span><a href=\"https:\/\/srh-events.ro\/wp-content\/uploads\/2023\/06\/SRH2023_template_prezentare_16-9.pptx\" target=\"_blank\" rel=\"noopener\">aici<span>\u00a0<\/span><\/a>pentru modelul de ppt. recomandat pentru realizarea prezent\u0103rilor orale.<\/strong>\n\n-->[\/et_pb_text][\/et_pb_column][\/et_pb_row][\/et_pb_section]<\/p>\n","protected":false},"excerpt":{"rendered":"<p>Clic aici pentru modelul de PPT recomandat pentru realizarea prezent\u0103rilor orale.Rezumatele, redactate conform instruc\u0163iunilor din pagina\u00a0Instruc\u0163iuni de redactare, se trimit folosind una dintre urm\u0103toarele variante: \u25ba acces\u00e2nd sec\u0163iunea Rezumat\u00a0(pentru a putea trimite rezumate trebuie s\u0103 ave\u0163i cont pe site: accesa\u0163i sec\u0163iunea\u00a0\u00cenregistrare Online\u00a0\u015fi completa\u0163i c\u00e2mpurile formularului de \u00eenscriere) \u25ba prin e-mail, ca fi\u015fier atasat, pe adresa [&hellip;]<\/p>\n","protected":false},"author":1,"featured_media":0,"parent":0,"menu_order":0,"comment_status":"closed","ping_status":"closed","template":"","meta":{"_et_pb_use_builder":"on","_et_pb_old_content":"","_et_gb_content_width":"","footnotes":""},"class_list":["post-163","page","type-page","status-publish","hentry"],"_links":{"self":[{"href":"https:\/\/srh-events.ro\/amiloidoza\/wp-json\/wp\/v2\/pages\/163","targetHints":{"allow":["GET"]}}],"collection":[{"href":"https:\/\/srh-events.ro\/amiloidoza\/wp-json\/wp\/v2\/pages"}],"about":[{"href":"https:\/\/srh-events.ro\/amiloidoza\/wp-json\/wp\/v2\/types\/page"}],"author":[{"embeddable":true,"href":"https:\/\/srh-events.ro\/amiloidoza\/wp-json\/wp\/v2\/users\/1"}],"replies":[{"embeddable":true,"href":"https:\/\/srh-events.ro\/amiloidoza\/wp-json\/wp\/v2\/comments?post=163"}],"version-history":[{"count":12,"href":"https:\/\/srh-events.ro\/amiloidoza\/wp-json\/wp\/v2\/pages\/163\/revisions"}],"predecessor-version":[{"id":322,"href":"https:\/\/srh-events.ro\/amiloidoza\/wp-json\/wp\/v2\/pages\/163\/revisions\/322"}],"wp:attachment":[{"href":"https:\/\/srh-events.ro\/amiloidoza\/wp-json\/wp\/v2\/media?parent=163"}],"curies":[{"name":"wp","href":"https:\/\/api.w.org\/{rel}","templated":true}]}}