{"id":149,"date":"2024-12-23T17:39:42","date_gmt":"2024-12-23T17:39:42","guid":{"rendered":"https:\/\/srh-events.ro\/amiloidoza\/?page_id=149"},"modified":"2025-03-07T14:56:41","modified_gmt":"2025-03-07T12:56:41","slug":"cum-ma-inscriu","status":"publish","type":"page","link":"https:\/\/srh-events.ro\/amiloidoza\/cum-ma-inscriu\/","title":{"rendered":"Cum m\u0103 \u00eenscriu?"},"content":{"rendered":"<p>[et_pb_section fb_built=&#8221;1&#8243; disabled_on=&#8221;off|off|off&#8221; _builder_version=&#8221;4.27.4&#8243; _module_preset=&#8221;default&#8221; background_color=&#8221;#6679C7&#8243; background_enable_pattern_style=&#8221;on&#8221; background_pattern_style=&#8221;diagonal-stripes-2&#8243; background_pattern_color=&#8221;rgba(0,0,0,0.02)&#8221; top_divider_color=&#8221;#094d75&#8243; top_divider_height=&#8221;87px&#8221; top_divider_height_tablet=&#8221;114px&#8221; top_divider_height_phone=&#8221;50px&#8221; top_divider_height_last_edited=&#8221;on|phone&#8221; box_shadow_style=&#8221;preset6&#8243; global_colors_info=&#8221;{}&#8221;][et_pb_row _builder_version=&#8221;4.21.0&#8243; _module_preset=&#8221;default&#8221; global_colors_info=&#8221;{}&#8221;][et_pb_column type=&#8221;4_4&#8243; _builder_version=&#8221;4.21.0&#8243; _module_preset=&#8221;default&#8221; global_colors_info=&#8221;{}&#8221;][et_pb_text _builder_version=&#8221;4.27.4&#8243; _dynamic_attributes=&#8221;content&#8221; _module_preset=&#8221;default&#8221; text_font=&#8221;&#8211;et_global_heading_font||on||||||&#8221; text_text_color=&#8221;#FFFFFF&#8221; text_font_size=&#8221;30px&#8221; custom_margin=&#8221;||||false|false&#8221; custom_padding=&#8221;||||false|false&#8221; text_font_size_tablet=&#8221;28px&#8221; text_font_size_phone=&#8221;26px&#8221; text_font_size_last_edited=&#8221;on|desktop&#8221; text_orientation_tablet=&#8221;&#8221; text_orientation_phone=&#8221;center&#8221; text_orientation_last_edited=&#8221;on|phone&#8221; global_colors_info=&#8221;{}&#8221;]@ET-DC@eyJkeW5hbWljIjp0cnVlLCJjb250ZW50IjoicG9zdF90aXRsZSIsInNldHRpbmdzIjp7ImJlZm9yZSI6IiIsImFmdGVyIjoiIn19@[\/et_pb_text][\/et_pb_column][\/et_pb_row][\/et_pb_section][et_pb_section fb_built=&#8221;1&#8243; custom_padding_last_edited=&#8221;on|phone&#8221; _builder_version=&#8221;4.27.4&#8243; _module_preset=&#8221;default&#8221; background_enable_image=&#8221;off&#8221; custom_padding=&#8221;||||false|false&#8221; custom_padding_tablet=&#8221;0px||||false|false&#8221; custom_padding_phone=&#8221;0px||||false|false&#8221; global_colors_info=&#8221;{}&#8221;][et_pb_row column_structure=&#8221;1_4,3_4&#8243; module_class=&#8221;reverse-columns-mobile&#8221; _builder_version=&#8221;4.21.0&#8243; _module_preset=&#8221;default&#8221; global_colors_info=&#8221;{}&#8221;][et_pb_column type=&#8221;1_4&#8243; _builder_version=&#8221;4.21.0&#8243; _module_preset=&#8221;default&#8221; global_colors_info=&#8221;{}&#8221;][et_pb_icon font_icon=&#8221;&#xf234;||fa||900&#8243; icon_color=&#8221;#8e7586&#8243; icon_width=&#8221;100px&#8221; icon_width_tablet=&#8221;75px&#8221; icon_width_phone=&#8221;75px&#8221; icon_width_last_edited=&#8221;on|phone&#8221; disabled_on=&#8221;on|on|off&#8221; _builder_version=&#8221;4.27.4&#8243; _module_preset=&#8221;default&#8221; global_colors_info=&#8221;{}&#8221;][\/et_pb_icon][\/et_pb_column][et_pb_column type=&#8221;3_4&#8243; _builder_version=&#8221;4.21.0&#8243; _module_preset=&#8221;default&#8221; global_colors_info=&#8221;{}&#8221;][et_pb_countdown_timer title=&#8221;Termenul limit\u0103 pentru \u00eenregistrare cu tax\u0103 redus\u0103 expir\u0103 pe 25 martie 2025. Au mai r\u0103mas:&#8221; date_time=&#8221;2025-03-25 23:59&#8243; _builder_version=&#8221;4.27.4&#8243; _module_preset=&#8221;default&#8221; header_font=&#8221;||on||||||&#8221; header_text_color=&#8221;#6679C7&#8243; header_font_size=&#8221;18px&#8221; header_line_height=&#8221;1.6em&#8221; numbers_text_color=&#8221;#8E7586&#8243; numbers_font_size=&#8221;40px&#8221; separator_text_color=&#8221;#8E7586&#8243; label_text_color=&#8221;#8E7586&#8243; background_enable_color=&#8221;off&#8221; use_background_color=&#8221;off&#8221; custom_padding=&#8221;25px|25px|25px|25px|true|true&#8221; hover_enabled=&#8221;0&#8243; header_font_size_tablet=&#8221;20px&#8221; header_font_size_phone=&#8221;17px&#8221; header_font_size_last_edited=&#8221;on|phone&#8221; numbers_font_size_tablet=&#8221;&#8221; numbers_font_size_phone=&#8221;24px&#8221; numbers_font_size_last_edited=&#8221;on|phone&#8221; label_font_size_tablet=&#8221;&#8221; label_font_size_phone=&#8221;9px&#8221; label_font_size_last_edited=&#8221;on|phone&#8221; border_color_all=&#8221;#0F5881&#8243; border_width_top=&#8221;2px&#8221; border_color_top=&#8221;#8E7586&#8243; box_shadow_style=&#8221;preset3&#8243; box_shadow_spread=&#8221;-12px&#8221; locked=&#8221;off&#8221; global_colors_info=&#8221;{}&#8221; sticky_enabled=&#8221;0&#8243;][\/et_pb_countdown_timer][\/et_pb_column][\/et_pb_row][et_pb_row _builder_version=&#8221;4.27.4&#8243; _module_preset=&#8221;default&#8221; global_colors_info=&#8221;{}&#8221;][et_pb_column type=&#8221;4_4&#8243; _builder_version=&#8221;4.27.4&#8243; _module_preset=&#8221;default&#8221; global_colors_info=&#8221;{}&#8221;][et_pb_text _builder_version=&#8221;4.27.4&#8243; _module_preset=&#8221;default&#8221; global_colors_info=&#8221;{}&#8221;]<\/p>\n<p>V\u0103 rug\u0103m s\u0103 v\u0103 \u00eenscrie\u0163i la eveniment online, acces\u00e2nd sec\u0163iunea<span>\u00a0<\/span><a href=\"https:\/\/srh-events.ro\/amiloidoza\/inregistrare-contul-meu\" target=\"_blank\">\u00cenregistrare<\/a>. Ulterior \u00eenregistr\u0103rii, pute\u0163i accesa<span>\u00a0<\/span><a href=\"https:\/\/srh-events.ro\/amiloidoza\/inregistrare-contul-meu\" target=\"_blank\">Contul meu<\/a>, \u00een baza numelui de utilizator \u015fi a parolei stabilite \u00een formular.<\/p>\n<h4><strong><\/strong><\/h4>\n<h3>Validarea \u00eenregistr\u0103rii<\/h3>\n<p>\u00cenregistrarea dvs. la eveniment va fi validat\u0103 dup\u0103 ce operatorul prime\u015fte copiile documentelor de plat\u0103 sau a datelor din documentele de plat\u0103.<\/p>\n<p>Copiile sau datele documentelor care atest\u0103 plata pot fi trimise folosind una dintre urm\u0103toarele metode:<\/p>\n<ul>\n<li>prin completarea sec\u0163iunii \u201cPl\u0103\u021bi\u201d din sec\u0163iunea \u201c<a href=\"https:\/\/srh-events.ro\/amiloidoza\/inregistrare-contul-meu\" target=\"_blank\" rel=\"noopener\">Contul meu<\/a>\u201d<\/li>\n<li>prin e-mail, ca document scanat \u015fi ata\u015fat e-mailului, pe adresa:<span>\u00a0<\/span><a href=\"mailto:contact@srh-events.ro\">contact@srh-events.ro<\/a><\/li>\n<\/ul>\n<h3><\/h3>\n<h3>Confirmarea \u00eenregistr\u0103rii<\/h3>\n<p>Dup\u0103 data de 10 aprilie 2025 to\u021bi participan\u021bii \u00eenscri\u0219i la eveniment vor primi un email de confirmare a \u00eenscrierii.<\/p>\n<p>[\/et_pb_text][\/et_pb_column][\/et_pb_row][\/et_pb_section]<\/p>\n","protected":false},"excerpt":{"rendered":"<p>V\u0103 rug\u0103m s\u0103 v\u0103 \u00eenscrie\u0163i la eveniment online, acces\u00e2nd sec\u0163iunea\u00a0\u00cenregistrare. Ulterior \u00eenregistr\u0103rii, pute\u0163i accesa\u00a0Contul meu, \u00een baza numelui de utilizator \u015fi a parolei stabilite \u00een formular. Validarea \u00eenregistr\u0103rii \u00cenregistrarea dvs. la eveniment va fi validat\u0103 dup\u0103 ce operatorul prime\u015fte copiile documentelor de plat\u0103 sau a datelor din documentele de plat\u0103. Copiile sau datele documentelor care [&hellip;]<\/p>\n","protected":false},"author":1,"featured_media":0,"parent":0,"menu_order":0,"comment_status":"closed","ping_status":"closed","template":"","meta":{"_et_pb_use_builder":"on","_et_pb_old_content":"","_et_gb_content_width":"","footnotes":""},"class_list":["post-149","page","type-page","status-publish","hentry"],"_links":{"self":[{"href":"https:\/\/srh-events.ro\/amiloidoza\/wp-json\/wp\/v2\/pages\/149","targetHints":{"allow":["GET"]}}],"collection":[{"href":"https:\/\/srh-events.ro\/amiloidoza\/wp-json\/wp\/v2\/pages"}],"about":[{"href":"https:\/\/srh-events.ro\/amiloidoza\/wp-json\/wp\/v2\/types\/page"}],"author":[{"embeddable":true,"href":"https:\/\/srh-events.ro\/amiloidoza\/wp-json\/wp\/v2\/users\/1"}],"replies":[{"embeddable":true,"href":"https:\/\/srh-events.ro\/amiloidoza\/wp-json\/wp\/v2\/comments?post=149"}],"version-history":[{"count":11,"href":"https:\/\/srh-events.ro\/amiloidoza\/wp-json\/wp\/v2\/pages\/149\/revisions"}],"predecessor-version":[{"id":286,"href":"https:\/\/srh-events.ro\/amiloidoza\/wp-json\/wp\/v2\/pages\/149\/revisions\/286"}],"wp:attachment":[{"href":"https:\/\/srh-events.ro\/amiloidoza\/wp-json\/wp\/v2\/media?parent=149"}],"curies":[{"name":"wp","href":"https:\/\/api.w.org\/{rel}","templated":true}]}}