{"id":114,"date":"2024-12-23T16:56:46","date_gmt":"2024-12-23T16:56:46","guid":{"rendered":"https:\/\/srh-events.ro\/amiloidoza\/?page_id=114"},"modified":"2025-01-30T16:06:46","modified_gmt":"2025-01-30T14:06:46","slug":"informatii-generale","status":"publish","type":"page","link":"https:\/\/srh-events.ro\/amiloidoza\/informatii-generale\/","title":{"rendered":"Informa\u021bii Generale"},"content":{"rendered":"<p>[et_pb_section fb_built=&#8221;1&#8243; disabled_on=&#8221;off|off|off&#8221; _builder_version=&#8221;4.27.4&#8243; _module_preset=&#8221;default&#8221; background_color=&#8221;#6679C7&#8243; background_enable_pattern_style=&#8221;on&#8221; background_pattern_style=&#8221;diagonal-stripes-2&#8243; background_pattern_color=&#8221;rgba(0,0,0,0.02)&#8221; top_divider_color=&#8221;#094d75&#8243; top_divider_height=&#8221;87px&#8221; top_divider_height_tablet=&#8221;114px&#8221; top_divider_height_phone=&#8221;50px&#8221; top_divider_height_last_edited=&#8221;on|phone&#8221; box_shadow_style=&#8221;preset6&#8243; global_colors_info=&#8221;{}&#8221;][et_pb_row _builder_version=&#8221;4.21.0&#8243; _module_preset=&#8221;default&#8221; global_colors_info=&#8221;{}&#8221;][et_pb_column type=&#8221;4_4&#8243; _builder_version=&#8221;4.21.0&#8243; _module_preset=&#8221;default&#8221; global_colors_info=&#8221;{}&#8221;][et_pb_text _builder_version=&#8221;4.27.4&#8243; _dynamic_attributes=&#8221;content&#8221; _module_preset=&#8221;default&#8221; text_font=&#8221;&#8211;et_global_heading_font||on||||||&#8221; text_text_color=&#8221;#FFFFFF&#8221; text_font_size=&#8221;30px&#8221; custom_margin=&#8221;||||false|false&#8221; custom_padding=&#8221;||||false|false&#8221; text_font_size_tablet=&#8221;28px&#8221; text_font_size_phone=&#8221;26px&#8221; text_font_size_last_edited=&#8221;on|desktop&#8221; text_orientation_tablet=&#8221;&#8221; text_orientation_phone=&#8221;center&#8221; text_orientation_last_edited=&#8221;on|phone&#8221; global_colors_info=&#8221;{}&#8221;]@ET-DC@eyJkeW5hbWljIjp0cnVlLCJjb250ZW50IjoicG9zdF90aXRsZSIsInNldHRpbmdzIjp7ImJlZm9yZSI6IiIsImFmdGVyIjoiIn19@[\/et_pb_text][\/et_pb_column][\/et_pb_row][\/et_pb_section][et_pb_section fb_built=&#8221;1&#8243; custom_padding_last_edited=&#8221;on|phone&#8221; _builder_version=&#8221;4.27.4&#8243; _module_preset=&#8221;default&#8221; background_enable_image=&#8221;off&#8221; custom_padding=&#8221;||||false|false&#8221; custom_padding_tablet=&#8221;0px||||false|false&#8221; custom_padding_phone=&#8221;0px||||false|false&#8221; global_colors_info=&#8221;{}&#8221;][et_pb_row column_structure=&#8221;1_4,3_4&#8243; use_custom_gutter=&#8221;on&#8221; module_class=&#8221;reverse-columns-mobile&#8221; _builder_version=&#8221;4.27.4&#8243; _module_preset=&#8221;default&#8221; width=&#8221;100%&#8221; max_width=&#8221;1200px&#8221; global_colors_info=&#8221;{}&#8221;][et_pb_column type=&#8221;1_4&#8243; _builder_version=&#8221;4.21.0&#8243; _module_preset=&#8221;default&#8221; global_colors_info=&#8221;{}&#8221;][et_pb_icon font_icon=&#8221;&#xf05a;||fa||900&#8243; icon_color=&#8221;#8e7586&#8243; icon_width=&#8221;100px&#8221; icon_width_tablet=&#8221;75px&#8221; icon_width_phone=&#8221;75px&#8221; icon_width_last_edited=&#8221;on|phone&#8221; disabled_on=&#8221;on|on|off&#8221; _builder_version=&#8221;4.27.4&#8243; _module_preset=&#8221;default&#8221; global_colors_info=&#8221;{}&#8221;][\/et_pb_icon][\/et_pb_column][et_pb_column type=&#8221;3_4&#8243; _builder_version=&#8221;4.21.0&#8243; _module_preset=&#8221;default&#8221; global_colors_info=&#8221;{}&#8221;][et_pb_text _builder_version=&#8221;4.27.4&#8243; _module_preset=&#8221;default&#8221; text_font_size=&#8221;15px&#8221; header_3_font=&#8221;|700|||||||&#8221; header_3_font_size=&#8221;24px&#8221; header_3_letter_spacing=&#8221;1px&#8221; hover_enabled=&#8221;0&#8243; global_colors_info=&#8221;{}&#8221; sticky_enabled=&#8221;0&#8243;]<\/p>\n<h3>Organizatori<\/h3>\n<p><strong>Societatea Rom\u00e2n\u0103 de Hematologie<\/strong><\/p>\n<p><em>in parteneriat cu<\/em><br \/>\nSocietatea de Neurologie din Rom\u00e2nia<br \/>\nSocietatea Rom\u00e2n\u0103 de Cardiologie<br \/>\nSocietatea Rom\u00e2n\u0103 de Nefrologie<br \/>\nAsocia\u021bia Rom\u00e2n\u0103 pentru Boli Hepatice<br \/>\nSocietatea Rom\u00e2n\u0103 de Reumatologie[\/et_pb_text][et_pb_text _builder_version=&#8221;4.27.4&#8243; _module_preset=&#8221;default&#8221; text_font_size=&#8221;15px&#8221; header_3_font=&#8221;|700|||||||&#8221; header_3_font_size=&#8221;24px&#8221; header_3_letter_spacing=&#8221;1px&#8221; global_colors_info=&#8221;{}&#8221;]<\/p>\n<h3>Perioada de desf\u0103\u0219urare<\/h3>\n<p>25-26 aprilie 2025<\/p>\n<p>[\/et_pb_text][et_pb_text _builder_version=&#8221;4.27.4&#8243; _module_preset=&#8221;default&#8221; text_font_size=&#8221;15px&#8221; header_3_font=&#8221;|700|||||||&#8221; header_3_font_size=&#8221;24px&#8221; header_3_letter_spacing=&#8221;1px&#8221; global_colors_info=&#8221;{}&#8221;]<\/p>\n<h3>Loca\u021bia evenimentului<\/h3>\n<p>Hotel Crowne Plaza, Bucure\u0219ti[\/et_pb_text][et_pb_image src=&#8221;https:\/\/srh-events.ro\/amiloidoza\/wp-content\/uploads\/2025\/01\/Hotel-Crown-Plaza.jpg&#8221; title_text=&#8221;Hotel Crown Plaza&#8221; _builder_version=&#8221;4.27.4&#8243; _module_preset=&#8221;default&#8221; global_colors_info=&#8221;{}&#8221;][\/et_pb_image][et_pb_toggle title=&#8221;Vezi localizarea hotelului Crowne Plaza pe harta  &#8221; closed_toggle_background_color=&#8221;#FFFFFF&#8221; icon_color=&#8221;#6679C7&#8243; toggle_icon=&#8221;&#xe044;||divi||400&#8243; use_icon_font_size=&#8221;on&#8221; icon_font_size=&#8221;20px&#8221; open_toggle_icon=&#8221;&#xe043;||divi||400&#8243; open_use_icon_font_size=&#8221;on&#8221; open_icon_font_size=&#8221;20px&#8221; _builder_version=&#8221;4.27.4&#8243; _module_preset=&#8221;default&#8221; title_font=&#8221;||on||||||&#8221; custom_margin=&#8221;0px||||false|false&#8221; custom_padding=&#8221;|||0px|false|false&#8221; border_width_all=&#8221;0px&#8221; border_width_top=&#8221;1px&#8221; global_colors_info=&#8221;{}&#8221;]<iframe src=\"https:\/\/www.google.com\/maps\/embed?pb=!1m18!1m12!1m3!1d1423.3685414616932!2d26.0633474695511!3d44.47956171038763!2m3!1f0!2f0!3f0!3m2!1i1024!2i768!4f13.1!3m3!1m2!1s0x40b20247a816a371%3A0xa2c30e715925ae86!2sCrowne%20Plaza%20Bucharest!5e0!3m2!1sen!2sro!4v1736937530488!5m2!1sen!2sro\" width=\"100%\" height=\"400\" style=\"border: 0;\" allowfullscreen=\"\" loading=\"lazy\" referrerpolicy=\"no-referrer-when-downgrade\"><\/iframe>[\/et_pb_toggle][et_pb_text _builder_version=&#8221;4.27.4&#8243; _module_preset=&#8221;default&#8221; text_font_size=&#8221;15px&#8221; header_3_font=&#8221;|700|||||||&#8221; header_3_font_size=&#8221;24px&#8221; header_3_letter_spacing=&#8221;1px&#8221; global_colors_info=&#8221;{}&#8221;]<\/p>\n<h3>Limbile oficiale<\/h3>\n<p>Limba rom\u00e2na \u0219i limba englez\u0103[\/et_pb_text][et_pb_text _builder_version=&#8221;4.27.4&#8243; _module_preset=&#8221;default&#8221; text_font_size=&#8221;15px&#8221; header_3_font=&#8221;|700|||||||&#8221; header_3_font_size=&#8221;24px&#8221; header_3_letter_spacing=&#8221;1px&#8221; global_colors_info=&#8221;{}&#8221;]<\/p>\n<h3>Acreditare<\/h3>\n<p>Evenimentul va fi creditat EMC de c\u0103tre CMR.[\/et_pb_text][\/et_pb_column][\/et_pb_row][\/et_pb_section]<\/p>\n","protected":false},"excerpt":{"rendered":"<p>Organizatori Societatea Rom\u00e2n\u0103 de Hematologie in parteneriat cu Societatea de Neurologie din Rom\u00e2nia Societatea Rom\u00e2n\u0103 de Cardiologie Societatea Rom\u00e2n\u0103 de Nefrologie Asocia\u021bia Rom\u00e2n\u0103 pentru Boli Hepatice Societatea Rom\u00e2n\u0103 de ReumatologiePerioada de desf\u0103\u0219urare 25-26 aprilie 2025Loca\u021bia evenimentului Hotel Crowne Plaza, Bucure\u0219tiLimbile oficiale Limba rom\u00e2na \u0219i limba englez\u0103Acreditare Evenimentul va fi creditat EMC de c\u0103tre CMR.<\/p>\n","protected":false},"author":1,"featured_media":0,"parent":0,"menu_order":0,"comment_status":"closed","ping_status":"closed","template":"","meta":{"_et_pb_use_builder":"on","_et_pb_old_content":"","_et_gb_content_width":"","footnotes":""},"class_list":["post-114","page","type-page","status-publish","hentry"],"_links":{"self":[{"href":"https:\/\/srh-events.ro\/amiloidoza\/wp-json\/wp\/v2\/pages\/114","targetHints":{"allow":["GET"]}}],"collection":[{"href":"https:\/\/srh-events.ro\/amiloidoza\/wp-json\/wp\/v2\/pages"}],"about":[{"href":"https:\/\/srh-events.ro\/amiloidoza\/wp-json\/wp\/v2\/types\/page"}],"author":[{"embeddable":true,"href":"https:\/\/srh-events.ro\/amiloidoza\/wp-json\/wp\/v2\/users\/1"}],"replies":[{"embeddable":true,"href":"https:\/\/srh-events.ro\/amiloidoza\/wp-json\/wp\/v2\/comments?post=114"}],"version-history":[{"count":11,"href":"https:\/\/srh-events.ro\/amiloidoza\/wp-json\/wp\/v2\/pages\/114\/revisions"}],"predecessor-version":[{"id":263,"href":"https:\/\/srh-events.ro\/amiloidoza\/wp-json\/wp\/v2\/pages\/114\/revisions\/263"}],"wp:attachment":[{"href":"https:\/\/srh-events.ro\/amiloidoza\/wp-json\/wp\/v2\/media?parent=114"}],"curies":[{"name":"wp","href":"https:\/\/api.w.org\/{rel}","templated":true}]}}